{"id":899,"date":"2019-03-13T02:12:10","date_gmt":"2019-03-13T02:12:10","guid":{"rendered":"https:\/\/hugosenna.com.br\/pk\/contact-us\/"},"modified":"2025-02-07T16:00:05","modified_gmt":"2025-02-07T16:00:05","slug":"contato","status":"publish","type":"page","link":"https:\/\/hugosenna.com.br\/pk\/contato\/","title":{"rendered":"Contato"},"content":{"rendered":"<div class=\"wpb-content-wrapper\"><p>[vc_row full_width=&#8221;stretch_row&#8221; lg_spacing=&#8221;padding_top:120;padding_bottom:110&#8243; sm_spacing=&#8221;padding_top:100;padding_bottom:100&#8243;][vc_column offset=&#8221;vc_col-md-6&#8243;][tm_spacer size=&#8221;sm:0;lg:32&#8243;][tm_heading style=&#8221;left-line&#8221; custom_google_font=&#8221;&#8221; max_width=&#8221;540px&#8221; font_size=&#8221;lg:31&#8243;]Precisa de mais informa\u00e7\u00f5es? <mark>Entre em contato conosco<\/mark> para que um de nossos especialistas possa ajudar voc\u00ea. \u00c9 s\u00f3 preencher o formul\u00e1rio ao lado.<br \/>\n[\/tm_heading][tm_spacer size=&#8221;lg:12&#8243;][tm_spacer size=&#8221;sm:40&#8243;][\/vc_column][vc_column offset=&#8221;vc_col-md-6&#8243;][tm_contact_form_7 id=&#8221;903&#8243;][\/vc_column][\/vc_row][vc_row][vc_column width=&#8221;1\/3&#8243;][tm_heading custom_google_font=&#8221;&#8221; font_size=&#8221;sm:18;md:21;lg:24&#8243; line_height=&#8221;1.25&#8243;]Manaus[\/tm_heading][tm_spacer size=&#8221;lg:19&#8243;][tm_heading tag=&#8221;div&#8221; custom_google_font=&#8221;&#8221; css=&#8221;.vc_custom_1737486606932{margin-bottom: 5px !important;}&#8221;]R. Acre, 205 &#8211; Nossa Sra. das Gra\u00e7as, Manaus &#8211; AM, 69053-130[\/tm_heading][tm_heading tag=&#8221;div&#8221; custom_google_font=&#8221;&#8221; text_color=&#8221;primary&#8221; hover_text_color=&#8221;secondary&#8221; css=&#8221;.vc_custom_1737091298650{margin-bottom: 5px !important;}&#8221;]<a href=\"mailto:paulo@pktecnologia.com.br\">paulo@pktecnologia.com.br<\/a>[\/tm_heading][tm_heading tag=&#8221;div&#8221; custom_google_font=&#8221;&#8221; font_weight=&#8221;700&#8243; text_color=&#8221;custom&#8221; custom_text_color=&#8221;#696969&#8243; hover_text_color=&#8221;primary&#8221; css=&#8221;.vc_custom_1737486586685{margin-bottom: 5px !important;}&#8221;]<a href=\"tel:92992120510\">(92) 99212-0510<\/a>[\/tm_heading][tm_spacer size=&#8221;lg:20&#8243;][\/vc_column][\/vc_row][vc_row][vc_column][tm_spacer size=&#8221;lg:48&#8243;][\/vc_column][\/vc_row][vc_row full_width=&#8221;stretch_row&#8221; content_placement=&#8221;middle&#8221; background_color=&#8221;custom&#8221; custom_background_color=&#8221;#f6f2ed&#8221; lg_spacing=&#8221;padding_top:84;padding_bottom:84&#8243;][vc_column offset=&#8221;vc_col-md-8&#8243;][tm_heading custom_google_font=&#8221;&#8221; sm_align=&#8221;center&#8221; font_size=&#8221;sm:28;md:34;lg:40&#8243; line_height=&#8221;1.4&#8243;]Estamos localizados em um ponto estrat\u00e9gico para atender voc\u00ea com <mark>seguran\u00e7a eletr\u00f4nica e solu\u00e7\u00f5es em TI, energia solar e projetos de rede.<\/mark>[\/tm_heading][tm_spacer size=&#8221;sm:30&#8243;][\/vc_column][vc_column offset=&#8221;vc_col-md-4&#8243;][tm_button_group align=&#8221;right&#8221; sm_align=&#8221;center&#8221;][tm_button size=&#8221;custom&#8221; button=&#8221;url:htpps%3A%2F%2Fwa.me%2F5592992120510|title:Whatsapp|target:_blank&#8221; icon_align=&#8221;left&#8221; icon_type=&#8221;fontawesome5&#8243; icon_fontawesome5=&#8221;fab fa-whatsapp&#8221; color=&#8221;custom&#8221; button_bg_color_hover=&#8221;secondary&#8221; button_border_color_hover=&#8221;secondary&#8221; width=&#8221;170&#8243; icon_font_size=&#8221;lg:14&#8243;][\/tm_button_group][\/vc_column][\/vc_row]<\/p>\n<\/div>","protected":false},"excerpt":{"rendered":"<p>[vc_row full_width=&#8221;stretch_row&#8221; lg_spacing=&#8221;padding_top:120;padding_bottom:110&#8243; sm_spacing=&#8221;padding_top:100;padding_bottom:100&#8243;][vc_column offset=&#8221;vc_col-md-6&#8243;][tm_spacer size=&#8221;sm:0;lg:32&#8243;][tm_heading style=&#8221;left-line&#8221; custom_google_font=&#8221;&#8221; max_width=&#8221;540px&#8221; font_size=&#8221;lg:31&#8243;]Precisa de mais informa\u00e7\u00f5es? Entre em contato conosco para que um de nossos especialistas possa ajudar voc\u00ea. \u00c9 s\u00f3 preencher o formul\u00e1rio ao lado. [\/tm_heading][tm_spacer size=&#8221;lg:12&#8243;][tm_spacer size=&#8221;sm:40&#8243;][\/vc_column][vc_column offset=&#8221;vc_col-md-6&#8243;][tm_contact_form_7 id=&#8221;903&#8243;][\/vc_column][\/vc_row][vc_row][vc_column width=&#8221;1\/3&#8243;][tm_heading custom_google_font=&#8221;&#8221; font_size=&#8221;sm:18;md:21;lg:24&#8243; line_height=&#8221;1.25&#8243;]Manaus[\/tm_heading][tm_spacer size=&#8221;lg:19&#8243;][tm_heading tag=&#8221;div&#8221; custom_google_font=&#8221;&#8221; css=&#8221;.vc_custom_1737486606932{margin-bottom: 5px !important;}&#8221;]R. Acre, 205 &#8211; Nossa Sra. das Gra\u00e7as, Manaus &#8211; AM, 69053-130[\/tm_heading][tm_heading tag=&#8221;div&#8221; custom_google_font=&#8221;&#8221; text_color=&#8221;primary&#8221; hover_text_color=&#8221;secondary&#8221; css=&#8221;.vc_custom_1737091298650{margin-bottom: 5px !important;}&#8221;]paulo@pktecnologia.com.br[\/tm_heading][tm_heading tag=&#8221;div&#8221; custom_google_font=&#8221;&#8221; font_weight=&#8221;700&#8243; text_color=&#8221;custom&#8221; custom_text_color=&#8221;#696969&#8243; hover_text_color=&#8221;primary&#8221; css=&#8221;.vc_custom_1737486586685{margin-bottom: 5px !important;}&#8221;](92) 99212-0510[\/tm_heading][tm_spacer size=&#8221;lg:20&#8243;][\/vc_column][\/vc_row][vc_row][vc_column][tm_spacer size=&#8221;lg:48&#8243;][\/vc_column][\/vc_row][vc_row full_width=&#8221;stretch_row&#8221; content_placement=&#8221;middle&#8221; background_color=&#8221;custom&#8221; custom_background_color=&#8221;#f6f2ed&#8221; lg_spacing=&#8221;padding_top:84;padding_bottom:84&#8243;][vc_column offset=&#8221;vc_col-md-8&#8243;][tm_heading custom_google_font=&#8221;&#8221; sm_align=&#8221;center&#8221; font_size=&#8221;sm:28;md:34;lg:40&#8243; line_height=&#8221;1.4&#8243;]Estamos localizados em um ponto estrat\u00e9gico para atender voc\u00ea com seguran\u00e7a eletr\u00f4nica e solu\u00e7\u00f5es em TI, energia solar e projetos de rede.[\/tm_heading][tm_spacer size=&#8221;sm:30&#8243;][\/vc_column][vc_column offset=&#8221;vc_col-md-4&#8243;][tm_button_group align=&#8221;right&#8221; sm_align=&#8221;center&#8221;][tm_button size=&#8221;custom&#8221; button=&#8221;url:htpps%3A%2F%2Fwa.me%2F5592992120510|title:Whatsapp|target:_blank&#8221; icon_align=&#8221;left&#8221; icon_type=&#8221;fontawesome5&#8243; icon_fontawesome5=&#8221;fab fa-whatsapp&#8221; color=&#8221;custom&#8221; button_bg_color_hover=&#8221;secondary&#8221; button_border_color_hover=&#8221;secondary&#8221; width=&#8221;170&#8243; icon_font_size=&#8221;lg:14&#8243;][\/tm_button_group][\/vc_column][\/vc_row]<\/p>\n","protected":false},"author":1,"featured_media":0,"parent":0,"menu_order":0,"comment_status":"closed","ping_status":"closed","template":"","meta":{"footnotes":""},"class_list":["post-899","page","type-page","status-publish","hentry","post-no-thumbnail"],"_links":{"self":[{"href":"https:\/\/hugosenna.com.br\/pk\/wp-json\/wp\/v2\/pages\/899","targetHints":{"allow":["GET"]}}],"collection":[{"href":"https:\/\/hugosenna.com.br\/pk\/wp-json\/wp\/v2\/pages"}],"about":[{"href":"https:\/\/hugosenna.com.br\/pk\/wp-json\/wp\/v2\/types\/page"}],"author":[{"embeddable":true,"href":"https:\/\/hugosenna.com.br\/pk\/wp-json\/wp\/v2\/users\/1"}],"replies":[{"embeddable":true,"href":"https:\/\/hugosenna.com.br\/pk\/wp-json\/wp\/v2\/comments?post=899"}],"version-history":[{"count":8,"href":"https:\/\/hugosenna.com.br\/pk\/wp-json\/wp\/v2\/pages\/899\/revisions"}],"predecessor-version":[{"id":3019,"href":"https:\/\/hugosenna.com.br\/pk\/wp-json\/wp\/v2\/pages\/899\/revisions\/3019"}],"wp:attachment":[{"href":"https:\/\/hugosenna.com.br\/pk\/wp-json\/wp\/v2\/media?parent=899"}],"curies":[{"name":"wp","href":"https:\/\/api.w.org\/{rel}","templated":true}]}}