{"id":1055,"date":"2019-03-14T10:07:51","date_gmt":"2019-03-14T10:07:51","guid":{"rendered":"https:\/\/hugosenna.com.br\/pk\/about-us-01\/"},"modified":"2025-02-17T20:42:38","modified_gmt":"2025-02-17T20:42:38","slug":"quem-somos","status":"publish","type":"page","link":"https:\/\/hugosenna.com.br\/pk\/quem-somos\/","title":{"rendered":"Quem Somos"},"content":{"rendered":"<div class=\"wpb-content-wrapper\"><p>[vc_row full_width=&#8221;stretch_row&#8221; background_image=&#8221;2992&#8243; background_position=&#8221;center&#8221;][vc_column][tm_spacer size=&#8221;sm:150;lg:192&#8243;][tm_spacer size=&#8221;lg:21&#8243;][tm_spacer size=&#8221;sm:120;lg:165&#8243;][\/vc_column][\/vc_row][vc_row][vc_column][tm_spacer size=&#8221;lg:118&#8243;][tm_heading style=&#8221;modern&#8221; tag=&#8221;h6&#8243; custom_google_font=&#8221;&#8221; align=&#8221;center&#8221; text_color=&#8221;custom&#8221; custom_text_color=&#8221;#ababab&#8221;]Nossa empresa[\/tm_heading][tm_spacer size=&#8221;lg:23&#8243;][tm_heading custom_google_font=&#8221;&#8221; align=&#8221;center&#8221; font_size=&#8221;sm:28;md:34;lg:40&#8243; line_height=&#8221;1.4&#8243; max_width=&#8221;600px&#8221;]Realizamos todos os tipos de servi\u00e7os em tecnologia para assegurar seu <mark>sucesso<\/mark>[\/tm_heading][tm_spacer size=&#8221;lg:70&#8243;][vc_row_inner][vc_column_inner offset=&#8221;vc_col-md-offset-1 vc_col-md-4&#8243;][tm_heading style=&#8221;modern-number-01&#8243; custom_google_font=&#8221;&#8221; max_width=&#8221;330px&#8221;]<mark>15<\/mark>anos de experi\u00eancia em tecnologia[\/tm_heading][tm_spacer size=&#8221;lg:24&#8243;][tm_spacer size=&#8221;sm:30&#8243;][\/vc_column_inner][vc_column_inner offset=&#8221;vc_col-md-offset-1 vc_col-md-5&#8243;][tm_heading tag=&#8221;div&#8221; custom_google_font=&#8221;&#8221; font_size=&#8221;lg:18&#8243; line_height=&#8221;1.67&#8243;]<b>Realizamos todos os tipos de servi\u00e7os em tecnologia para assegurar seu sucesso.<\/b><br \/>\nSomos especializados em seguran\u00e7a eletr\u00f4nica, consultoria em TI, projetos de rede e energia solar, oferecendo solu\u00e7\u00f5es completas desde o levantamento inicial at\u00e9 a execu\u00e7\u00e3o final dos servi\u00e7os. S\u00e3o 15 anos no mercado de tecnologia, proporcionando solu\u00e7\u00f5es estrat\u00e9gicas de baixo custo e garantindo a qualidade em todos os servi\u00e7os prestados e nos equipamentos fornecidos.[\/tm_heading][tm_spacer size=&#8221;lg:23&#8243;][\/vc_column_inner][\/vc_row_inner][\/vc_column][\/vc_row][vc_row full_width=&#8221;stretch_row&#8221;][vc_column][tm_spacer size=&#8221;lg:106&#8243;][tm_grid centered_items=&#8221;1&#8243; equal_height=&#8221;1&#8243; columns=&#8221;xs:1;sm:1;lg:3&#8243; column_gutter=&#8221;lg:30&#8243; row_gutter=&#8221;lg:30&#8243; item_max_width=&#8221;lg:370&#8243;][tm_box_image style=&#8221;06&#8243; align=&#8221;center&#8221; box_link=&#8221;url:%23|title:Saiba%20mais&#8221; heading=&#8221;O que podemos fazer?&#8221; text=&#8221;Damos grande aten\u00e7\u00e3o \u00e0s necessidades do seu neg\u00f3cio para identificar as solu\u00e7\u00f5es mais adequadas \u00e0s suas demandas e alcan\u00e7\u00e1-las com efici\u00eancia.&#8221; button=&#8221;url:%23|title:Saiba%20mais&#8221; image=&#8221;1068&#8243;][tm_box_image style=&#8221;06&#8243; align=&#8221;center&#8221; box_link=&#8221;url:%23|title:Discover%20now||&#8221; heading=&#8221;Torne-se nosso parceiro?&#8221; text=&#8221;Nossa abordagem preventiva e progressiva ajuda voc\u00ea a se manter \u00e0 frente enquanto enfrenta poss\u00edveis amea\u00e7as na gest\u00e3o de dados.&#8221; button=&#8221;url:%23|title:Saiba%20mais&#8221; image=&#8221;1067&#8243;][tm_box_image style=&#8221;06&#8243; align=&#8221;center&#8221; box_link=&#8221;url:%23|title:Discover%20now||&#8221; heading=&#8221;Conte conosco&#8221; text=&#8221;Nossa equipe de suporte est\u00e1 dispon\u00edvel 24 horas por dia, 7 dias por semana, pronta para resolver qualquer problema situacional que possa surgir.&#8221; button=&#8221;url:%23|title:Saiba%20mais&#8221; image=&#8221;1066&#8243;][\/tm_grid][tm_spacer size=&#8221;lg:70&#8243;][tm_heading style=&#8221;link-style-01&#8243; tag=&#8221;div&#8221; custom_google_font=&#8221;&#8221; align=&#8221;center&#8221;]Entre em contato conosco. <a href=\"#\">Quero mais informa\u00e7\u00f5es!<\/a>[\/tm_heading][tm_spacer size=&#8221;lg:101&#8243;][\/vc_column][\/vc_row][vc_row full_width=&#8221;stretch_row&#8221; background_color=&#8221;custom&#8221; lg_spacing=&#8221;padding_top:64;padding_bottom:64&#8243; custom_background_color=&#8221;rgba(56,122,255,0.8)&#8221;][vc_column][tm_grid columns=&#8221;xs:1;sm:2;lg:4&#8243; column_gutter=&#8221;lg:30&#8243; row_gutter=&#8221;lg:50&#8243;][tm_counter number_color=&#8221;custom&#8221; text_color=&#8221;custom&#8221; number=&#8221;2000&#8243; text=&#8221;Clientes atendidos&#8221; custom_number_color=&#8221;#ffffff&#8221; custom_text_color=&#8221;rgba(255,255,255,0.7)&#8221; number_prefix=&#8221;+&#8221;][tm_counter number_color=&#8221;custom&#8221; text_color=&#8221;custom&#8221; number=&#8221;1000&#8243; text=&#8221;Projetos Finalizados&#8221; custom_number_color=&#8221;#ffffff&#8221; custom_text_color=&#8221;rgba(255,255,255,0.7)&#8221; number_prefix=&#8221;+&#8221;][tm_counter number_color=&#8221;custom&#8221; text_color=&#8221;custom&#8221; number=&#8221;5&#8243; text=&#8221;Especialistas Qualificados&#8221; custom_number_color=&#8221;#ffffff&#8221; custom_text_color=&#8221;rgba(255,255,255,0.7)&#8221;][tm_counter number_color=&#8221;custom&#8221; text_color=&#8221;custom&#8221; number=&#8221;500&#8243; text=&#8221;Pain\u00e9is Solares&#8221; custom_number_color=&#8221;#ffffff&#8221; custom_text_color=&#8221;rgba(255,255,255,0.7)&#8221;][\/tm_grid][\/vc_column][\/vc_row][vc_row full_width=&#8221;stretch_row&#8221; lg_spacing=&#8221;padding_top:58;padding_bottom:58&#8243;][vc_column][tm_client gutter=&#8221;30&#8243; auto_play=&#8221;5000&#8243; items_display=&#8221;xs:2;sm:3;md:4;lg:6&#8243; items=&#8221;%5B%7B%22image%22%3A%223046%22%2C%22link%22%3A%22url%3A%2523%7Ctitle%3AClient%2520Logo%252001%7C%7C%22%7D%2C%7B%22image%22%3A%223047%22%2C%22link%22%3A%22Link%22%7D%2C%7B%22image%22%3A%223048%22%2C%22link%22%3A%22Link%22%7D%2C%7B%22image%22%3A%223049%22%2C%22link%22%3A%22Link%22%7D%2C%7B%22image%22%3A%223050%22%2C%22link%22%3A%22Link%22%7D%2C%7B%22image%22%3A%223051%22%2C%22link%22%3A%22Link%22%7D%2C%7B%22image%22%3A%223052%22%2C%22link%22%3A%22Link%22%7D%2C%7B%22image%22%3A%223053%22%2C%22link%22%3A%22Link%22%7D%2C%7B%22image%22%3A%223054%22%2C%22link%22%3A%22Link%22%7D%2C%7B%22image%22%3A%223087%22%2C%22link%22%3A%22Link%22%7D%2C%7B%22image%22%3A%223056%22%2C%22link%22%3A%22Link%22%7D%2C%7B%22image%22%3A%223057%22%2C%22link%22%3A%22Link%22%7D%2C%7B%22image%22%3A%223058%22%2C%22link%22%3A%22Link%22%7D%2C%7B%22image%22%3A%223059%22%2C%22link%22%3A%22Link%22%7D%2C%7B%22image%22%3A%223060%22%2C%22link%22%3A%22Link%22%7D%2C%7B%22image%22%3A%223061%22%2C%22link%22%3A%22Link%22%7D%2C%7B%22image%22%3A%223062%22%2C%22link%22%3A%22Link%22%7D%2C%7B%22image%22%3A%223063%22%2C%22link%22%3A%22Link%22%7D%5D&#8221;][\/vc_column][\/vc_row][vc_row][vc_column][\/vc_column][\/vc_row]<\/p>\n<\/div>","protected":false},"excerpt":{"rendered":"<p>[vc_row full_width=&#8221;stretch_row&#8221; background_image=&#8221;2992&#8243; background_position=&#8221;center&#8221;][vc_column][tm_spacer size=&#8221;sm:150;lg:192&#8243;][tm_spacer size=&#8221;lg:21&#8243;][tm_spacer size=&#8221;sm:120;lg:165&#8243;][\/vc_column][\/vc_row][vc_row][vc_column][tm_spacer size=&#8221;lg:118&#8243;][tm_heading style=&#8221;modern&#8221; tag=&#8221;h6&#8243; custom_google_font=&#8221;&#8221; align=&#8221;center&#8221; text_color=&#8221;custom&#8221; custom_text_color=&#8221;#ababab&#8221;]Nossa empresa[\/tm_heading][tm_spacer size=&#8221;lg:23&#8243;][tm_heading custom_google_font=&#8221;&#8221; align=&#8221;center&#8221; font_size=&#8221;sm:28;md:34;lg:40&#8243; line_height=&#8221;1.4&#8243; max_width=&#8221;600px&#8221;]Realizamos todos os tipos de servi\u00e7os em tecnologia para assegurar seu sucesso[\/tm_heading][tm_spacer size=&#8221;lg:70&#8243;][vc_row_inner][vc_column_inner offset=&#8221;vc_col-md-offset-1 vc_col-md-4&#8243;][tm_heading style=&#8221;modern-number-01&#8243; custom_google_font=&#8221;&#8221; max_width=&#8221;330px&#8221;]15anos de experi\u00eancia em tecnologia[\/tm_heading][tm_spacer size=&#8221;lg:24&#8243;][tm_spacer size=&#8221;sm:30&#8243;][\/vc_column_inner][vc_column_inner offset=&#8221;vc_col-md-offset-1 vc_col-md-5&#8243;][tm_heading tag=&#8221;div&#8221; custom_google_font=&#8221;&#8221; font_size=&#8221;lg:18&#8243; line_height=&#8221;1.67&#8243;]Realizamos todos os tipos de servi\u00e7os em tecnologia para assegurar seu sucesso. Somos especializados em seguran\u00e7a eletr\u00f4nica, consultoria em TI, projetos de rede e energia solar, oferecendo solu\u00e7\u00f5es completas desde o levantamento inicial at\u00e9 a execu\u00e7\u00e3o final dos servi\u00e7os. S\u00e3o 15 anos no mercado de tecnologia, proporcionando solu\u00e7\u00f5es estrat\u00e9gicas de baixo custo e garantindo a qualidade em todos os servi\u00e7os prestados e nos equipamentos fornecidos.[\/tm_heading][tm_spacer size=&#8221;lg:23&#8243;][\/vc_column_inner][\/vc_row_inner][\/vc_column][\/vc_row][vc_row full_width=&#8221;stretch_row&#8221;][vc_column][tm_spacer size=&#8221;lg:106&#8243;][tm_grid centered_items=&#8221;1&#8243; equal_height=&#8221;1&#8243; columns=&#8221;xs:1;sm:1;lg:3&#8243; column_gutter=&#8221;lg:30&#8243; row_gutter=&#8221;lg:30&#8243; item_max_width=&#8221;lg:370&#8243;][tm_box_image style=&#8221;06&#8243; align=&#8221;center&#8221; box_link=&#8221;url:%23|title:Saiba%20mais&#8221; heading=&#8221;O que podemos fazer?&#8221; text=&#8221;Damos grande aten\u00e7\u00e3o \u00e0s necessidades do seu neg\u00f3cio para identificar as solu\u00e7\u00f5es mais adequadas \u00e0s suas demandas e alcan\u00e7\u00e1-las com efici\u00eancia.&#8221; button=&#8221;url:%23|title:Saiba%20mais&#8221; image=&#8221;1068&#8243;][tm_box_image style=&#8221;06&#8243; align=&#8221;center&#8221; box_link=&#8221;url:%23|title:Discover%20now||&#8221; heading=&#8221;Torne-se nosso parceiro?&#8221; text=&#8221;Nossa abordagem preventiva e progressiva ajuda voc\u00ea a se manter \u00e0 frente enquanto enfrenta poss\u00edveis amea\u00e7as na gest\u00e3o de dados.&#8221; button=&#8221;url:%23|title:Saiba%20mais&#8221; image=&#8221;1067&#8243;][tm_box_image style=&#8221;06&#8243; align=&#8221;center&#8221; box_link=&#8221;url:%23|title:Discover%20now||&#8221; heading=&#8221;Conte conosco&#8221; text=&#8221;Nossa equipe de suporte est\u00e1 dispon\u00edvel 24 horas por dia, 7 dias por semana, pronta para resolver qualquer problema situacional que possa surgir.&#8221; button=&#8221;url:%23|title:Saiba%20mais&#8221; image=&#8221;1066&#8243;][\/tm_grid][tm_spacer size=&#8221;lg:70&#8243;][tm_heading style=&#8221;link-style-01&#8243; tag=&#8221;div&#8221; custom_google_font=&#8221;&#8221; align=&#8221;center&#8221;]Entre em contato conosco. Quero mais informa\u00e7\u00f5es![\/tm_heading][tm_spacer size=&#8221;lg:101&#8243;][\/vc_column][\/vc_row][vc_row full_width=&#8221;stretch_row&#8221; background_color=&#8221;custom&#8221; lg_spacing=&#8221;padding_top:64;padding_bottom:64&#8243; custom_background_color=&#8221;rgba(56,122,255,0.8)&#8221;][vc_column][tm_grid columns=&#8221;xs:1;sm:2;lg:4&#8243; column_gutter=&#8221;lg:30&#8243; row_gutter=&#8221;lg:50&#8243;][tm_counter number_color=&#8221;custom&#8221; text_color=&#8221;custom&#8221; number=&#8221;2000&#8243; text=&#8221;Clientes atendidos&#8221; custom_number_color=&#8221;#ffffff&#8221; custom_text_color=&#8221;rgba(255,255,255,0.7)&#8221; number_prefix=&#8221;+&#8221;][tm_counter number_color=&#8221;custom&#8221; text_color=&#8221;custom&#8221; number=&#8221;1000&#8243; text=&#8221;Projetos Finalizados&#8221; custom_number_color=&#8221;#ffffff&#8221; custom_text_color=&#8221;rgba(255,255,255,0.7)&#8221; number_prefix=&#8221;+&#8221;][tm_counter number_color=&#8221;custom&#8221; text_color=&#8221;custom&#8221; number=&#8221;5&#8243; text=&#8221;Especialistas Qualificados&#8221; custom_number_color=&#8221;#ffffff&#8221; custom_text_color=&#8221;rgba(255,255,255,0.7)&#8221;][tm_counter number_color=&#8221;custom&#8221; text_color=&#8221;custom&#8221; number=&#8221;500&#8243; text=&#8221;Pain\u00e9is Solares&#8221; custom_number_color=&#8221;#ffffff&#8221; custom_text_color=&#8221;rgba(255,255,255,0.7)&#8221;][\/tm_grid][\/vc_column][\/vc_row][vc_row full_width=&#8221;stretch_row&#8221; lg_spacing=&#8221;padding_top:58;padding_bottom:58&#8243;][vc_column][tm_client gutter=&#8221;30&#8243; auto_play=&#8221;5000&#8243; items_display=&#8221;xs:2;sm:3;md:4;lg:6&#8243; items=&#8221;%5B%7B%22image%22%3A%223046%22%2C%22link%22%3A%22url%3A%2523%7Ctitle%3AClient%2520Logo%252001%7C%7C%22%7D%2C%7B%22image%22%3A%223047%22%2C%22link%22%3A%22Link%22%7D%2C%7B%22image%22%3A%223048%22%2C%22link%22%3A%22Link%22%7D%2C%7B%22image%22%3A%223049%22%2C%22link%22%3A%22Link%22%7D%2C%7B%22image%22%3A%223050%22%2C%22link%22%3A%22Link%22%7D%2C%7B%22image%22%3A%223051%22%2C%22link%22%3A%22Link%22%7D%2C%7B%22image%22%3A%223052%22%2C%22link%22%3A%22Link%22%7D%2C%7B%22image%22%3A%223053%22%2C%22link%22%3A%22Link%22%7D%2C%7B%22image%22%3A%223054%22%2C%22link%22%3A%22Link%22%7D%2C%7B%22image%22%3A%223087%22%2C%22link%22%3A%22Link%22%7D%2C%7B%22image%22%3A%223056%22%2C%22link%22%3A%22Link%22%7D%2C%7B%22image%22%3A%223057%22%2C%22link%22%3A%22Link%22%7D%2C%7B%22image%22%3A%223058%22%2C%22link%22%3A%22Link%22%7D%2C%7B%22image%22%3A%223059%22%2C%22link%22%3A%22Link%22%7D%2C%7B%22image%22%3A%223060%22%2C%22link%22%3A%22Link%22%7D%2C%7B%22image%22%3A%223061%22%2C%22link%22%3A%22Link%22%7D%2C%7B%22image%22%3A%223062%22%2C%22link%22%3A%22Link%22%7D%2C%7B%22image%22%3A%223063%22%2C%22link%22%3A%22Link%22%7D%5D&#8221;][\/vc_column][\/vc_row][vc_row][vc_column][\/vc_column][\/vc_row]<\/p>\n","protected":false},"author":1,"featured_media":0,"parent":0,"menu_order":0,"comment_status":"closed","ping_status":"closed","template":"","meta":{"footnotes":""},"class_list":["post-1055","page","type-page","status-publish","hentry","post-no-thumbnail"],"_links":{"self":[{"href":"https:\/\/hugosenna.com.br\/pk\/wp-json\/wp\/v2\/pages\/1055","targetHints":{"allow":["GET"]}}],"collection":[{"href":"https:\/\/hugosenna.com.br\/pk\/wp-json\/wp\/v2\/pages"}],"about":[{"href":"https:\/\/hugosenna.com.br\/pk\/wp-json\/wp\/v2\/types\/page"}],"author":[{"embeddable":true,"href":"https:\/\/hugosenna.com.br\/pk\/wp-json\/wp\/v2\/users\/1"}],"replies":[{"embeddable":true,"href":"https:\/\/hugosenna.com.br\/pk\/wp-json\/wp\/v2\/comments?post=1055"}],"version-history":[{"count":20,"href":"https:\/\/hugosenna.com.br\/pk\/wp-json\/wp\/v2\/pages\/1055\/revisions"}],"predecessor-version":[{"id":3089,"href":"https:\/\/hugosenna.com.br\/pk\/wp-json\/wp\/v2\/pages\/1055\/revisions\/3089"}],"wp:attachment":[{"href":"https:\/\/hugosenna.com.br\/pk\/wp-json\/wp\/v2\/media?parent=1055"}],"curies":[{"name":"wp","href":"https:\/\/api.w.org\/{rel}","templated":true}]}}